{"id":18,"date":"2017-03-28T12:44:14","date_gmt":"2017-03-28T10:44:14","guid":{"rendered":"http:\/\/www.hofstetter.or.at\/mv-grabern\/?page_id=18"},"modified":"2017-03-28T13:34:36","modified_gmt":"2017-03-28T11:34:36","slug":"kontakt","status":"publish","type":"page","link":"http:\/\/www.mv-schoengrabern.at\/?page_id=18","title":{"rendered":"Kontakt"},"content":{"rendered":"<h1>F\u00fcr Informationen und Terminvereinbarungen stehen wir Ihnen unter folgenden Kontaktm\u00f6glichkeiten zur Verf\u00fcgung:<\/h1>\n<h1><\/h1>\n<h3>[table id=1 \/]<\/h3>\n<p>&nbsp;<\/p>\n","protected":false},"excerpt":{"rendered":"<p>F\u00fcr Informationen und Terminvereinbarungen stehen wir Ihnen unter folgenden Kontaktm\u00f6glichkeiten zur Verf\u00fcgung: [table id=1 \/] &nbsp;<\/p>\n","protected":false},"author":1,"featured_media":0,"parent":0,"menu_order":0,"comment_status":"closed","ping_status":"closed","template":"","meta":{"jetpack_post_was_ever_published":false,"footnotes":""},"jetpack_sharing_enabled":true,"jetpack_shortlink":"https:\/\/wp.me\/P8TRxi-i","jetpack-related-posts":[{"id":2,"url":"http:\/\/www.mv-schoengrabern.at\/?page_id=2","url_meta":{"origin":18,"position":0},"title":"Beispiel-Seite","author":"Hubert Hofstetter","date":"28. M\u00e4rz 2017","format":false,"excerpt":"Dies ist eine Beispiel-Seite. Sie unterscheidet sich von Beitr\u00e4gen, da sie stets an der selben Stelle bleibt und (bei den meisten Themes) in der Navigation angezeigt wird. Die meisten Leute starten mit einem Impressum oder einer \u201e\u00dcber uns\u201c-Seite mit einer Vorstellung f\u00fcr m\u00f6gliche Besucher der Website. Dort k\u00f6nnte zum Beispiel\u2026","rel":"","context":"\u00c4hnlicher Beitrag","block_context":{"text":"\u00c4hnlicher Beitrag","link":""},"img":{"alt_text":"","src":"","width":0,"height":0},"classes":[]},{"id":17,"url":"http:\/\/www.mv-schoengrabern.at\/?page_id=17","url_meta":{"origin":18,"position":1},"title":"\u00dcber uns","author":"Hubert Hofstetter","date":"28. M\u00e4rz 2017","format":false,"excerpt":"Als ein Kulturtr\u00e4ger\u00a0der Gemeinde Grabern bem\u00fchen wir uns, das Dorfleben mit unserer Musik zu bereichern und alte Weinviertler Traditionen und Br\u00e4uche aufrechtzuerhalten.\u00a0 Auf diesen Seiten wird ein kleiner Einblick in unser Wirken und Schaffen gegeben, sie sollen unsere Motive und Ziele wiederspiegeln aber vor allem unsere Freude an der Musik.\u2026","rel":"","context":"\u00c4hnlicher Beitrag","block_context":{"text":"\u00c4hnlicher Beitrag","link":""},"img":{"alt_text":"","src":"https:\/\/i0.wp.com\/www.hofstetter.or.at\/mv-grabern\/wp-content\/uploads\/2017\/03\/A00_9969-300x200.jpg?resize=350%2C200","width":350,"height":200},"classes":[]}],"_links":{"self":[{"href":"http:\/\/www.mv-schoengrabern.at\/index.php?rest_route=\/wp\/v2\/pages\/18"}],"collection":[{"href":"http:\/\/www.mv-schoengrabern.at\/index.php?rest_route=\/wp\/v2\/pages"}],"about":[{"href":"http:\/\/www.mv-schoengrabern.at\/index.php?rest_route=\/wp\/v2\/types\/page"}],"author":[{"embeddable":true,"href":"http:\/\/www.mv-schoengrabern.at\/index.php?rest_route=\/wp\/v2\/users\/1"}],"replies":[{"embeddable":true,"href":"http:\/\/www.mv-schoengrabern.at\/index.php?rest_route=%2Fwp%2Fv2%2Fcomments&post=18"}],"version-history":[{"count":5,"href":"http:\/\/www.mv-schoengrabern.at\/index.php?rest_route=\/wp\/v2\/pages\/18\/revisions"}],"predecessor-version":[{"id":722,"href":"http:\/\/www.mv-schoengrabern.at\/index.php?rest_route=\/wp\/v2\/pages\/18\/revisions\/722"}],"wp:attachment":[{"href":"http:\/\/www.mv-schoengrabern.at\/index.php?rest_route=%2Fwp%2Fv2%2Fmedia&parent=18"}],"curies":[{"name":"wp","href":"https:\/\/api.w.org\/{rel}","templated":true}]}}